{"id":99,"date":"2024-02-20T08:17:13","date_gmt":"2024-02-20T14:17:13","guid":{"rendered":"https:\/\/ntltrukparking.wpenginepowered.com\/?page_id=99"},"modified":"2026-04-20T19:29:29","modified_gmt":"2026-04-21T00:29:29","slug":"contact","status":"publish","type":"page","link":"https:\/\/nationaltruckparking.com\/es\/contact\/","title":{"rendered":"contacto"},"content":{"rendered":"<div data-elementor-type=\"wp-page\" data-elementor-id=\"99\" class=\"elementor elementor-99\" data-elementor-post-type=\"page\">\n\t\t\t\t<div class=\"elementor-element elementor-element-56c145f approach-header-style e-flex e-con-boxed e-con e-parent\" data-id=\"56c145f\" data-element_type=\"container\" data-settings=\"{&quot;background_background&quot;:&quot;classic&quot;}\">\n\t\t\t\t\t<div class=\"e-con-inner\">\n\t\t<div class=\"elementor-element elementor-element-b08b8c2 e-con-full e-flex e-con e-child\" data-id=\"b08b8c2\" data-element_type=\"container\">\n\t\t\t\t<div class=\"elementor-element elementor-element-5547796 elementor-widget elementor-widget-heading\" data-id=\"5547796\" data-element_type=\"widget\" data-widget_type=\"heading.default\">\n\t\t\t\t<div class=\"elementor-widget-container\">\n\t\t\t\t\t<h1 class=\"elementor-heading-title elementor-size-default\">Contacta con nosotros<\/h1>\t\t\t\t<\/div>\n\t\t\t\t<\/div>\n\t\t\t\t<\/div>\n\t\t<div class=\"elementor-element elementor-element-b97674b e-con-full elementor-hidden-tablet elementor-hidden-mobile e-flex e-con e-child\" data-id=\"b97674b\" data-element_type=\"container\">\n\t\t\t\t<\/div>\n\t\t\t\t\t<\/div>\n\t\t\t\t<\/div>\n\t\t<div class=\"elementor-element elementor-element-72f0ffd e-flex e-con-boxed e-con e-parent\" data-id=\"72f0ffd\" data-element_type=\"container\" data-settings=\"{&quot;background_background&quot;:&quot;classic&quot;}\">\n\t\t\t\t\t<div class=\"e-con-inner\">\n\t\t<div class=\"elementor-element elementor-element-4cad0a4 e-con-full e-flex e-con e-child\" data-id=\"4cad0a4\" data-element_type=\"container\">\n\t\t\t\t<div class=\"elementor-element elementor-element-e78aa0c elementor-cta--layout-image-left elementor-cta--valign-middle elementor-widget__width-initial elementor-cta--skin-classic elementor-animated-content elementor-bg-transform elementor-bg-transform-zoom-in elementor-widget elementor-widget-call-to-action\" data-id=\"e78aa0c\" data-element_type=\"widget\" data-widget_type=\"call-to-action.default\">\n\t\t\t\t<div class=\"elementor-widget-container\">\n\t\t\t\t\t\t\t<div class=\"elementor-cta\">\n\t\t\t\t\t\t\t<div class=\"elementor-cta__content\">\n\t\t\t\t\n\t\t\t\t\t\t\t\t\t<h2 class=\"elementor-cta__title elementor-cta__content-item elementor-content-item\">\n\t\t\t\t\t\tNational Truck Parking\t\t\t\t\t<\/h2>\n\t\t\t\t\n\t\t\t\t\t\t\t\t\t<div class=\"elementor-cta__description elementor-cta__content-item elementor-content-item\">\n\t\t\t\t\t\tNational Truck Parking ofrece opciones de almacenamiento seguras para transportistas locales y nacionales. Ubicados en puntos estrat\u00e9gicos de log\u00edstica en todo Estados Unidos, NTP ofrece ubicaciones clave para su cami\u00f3n, remolque o flota. Todos nuestros patios cuentan con acceso controlado, videovigilancia, iluminaci\u00f3n y cercado para proteger sus veh\u00edculos mientras est\u00e1n fuera de servicio. NTP da la bienvenida a todos los usuarios, desde transportistas aut\u00f3nomos hasta grandes empresas internacionales. Cont\u00e1ctenos hoy mismo para descubrir c\u00f3mo podemos ayudarle con sus operaciones.\t\t\t\t\t<\/div>\n\t\t\t\t\n\t\t\t\t\t\t\t<\/div>\n\t\t\t\t\t\t<\/div>\n\t\t\t\t\t\t<\/div>\n\t\t\t\t<\/div>\n\t\t\t\t<div class=\"elementor-element elementor-element-a3e44cd elementor-hidden-desktop elementor-hidden-tablet elementor-hidden-mobile elementor-widget elementor-widget-heading\" data-id=\"a3e44cd\" data-element_type=\"widget\" data-widget_type=\"heading.default\">\n\t\t\t\t<div class=\"elementor-widget-container\">\n\t\t\t\t\t<h3 class=\"elementor-heading-title elementor-size-default\">Hablemos<\/h3>\t\t\t\t<\/div>\n\t\t\t\t<\/div>\n\t\t\t\t<div class=\"elementor-element elementor-element-ed18a0b elementor-align-center elementor-mobile-align-center elementor-icon-list--layout-traditional elementor-list-item-link-full_width elementor-widget elementor-widget-icon-list\" data-id=\"ed18a0b\" data-element_type=\"widget\" data-widget_type=\"icon-list.default\">\n\t\t\t\t<div class=\"elementor-widget-container\">\n\t\t\t\t\t\t\t<ul class=\"elementor-icon-list-items\">\n\t\t\t\t\t\t\t<li class=\"elementor-icon-list-item\">\n\t\t\t\t\t\t\t\t\t\t\t<a href=\"tel:12244556055\">\n\n\t\t\t\t\t\t\t\t\t\t\t\t<span class=\"elementor-icon-list-icon\">\n\t\t\t\t\t\t\t<svg aria-hidden=\"true\" class=\"e-font-icon-svg e-fas-phone-alt\" viewbox=\"0 0 512 512\" xmlns=\"http:\/\/www.w3.org\/2000\/svg\"><path d=\"M497.39 361.8l-112-48a24 24 0 0 0-28 6.9l-49.6 60.6A370.66 370.66 0 0 1 130.6 204.11l60.6-49.6a23.94 23.94 0 0 0 6.9-28l-48-112A24.16 24.16 0 0 0 122.6.61l-104 24A24 24 0 0 0 0 48c0 256.5 207.9 464 464 464a24 24 0 0 0 23.4-18.6l24-104a24.29 24.29 0 0 0-14.01-27.6z\"><\/path><\/svg>\t\t\t\t\t\t<\/span>\n\t\t\t\t\t\t\t\t\t\t<span class=\"elementor-icon-list-text\">For Leasing Inquiries Call NTP Corporate: 224-455-6055<\/span>\n\t\t\t\t\t\t\t\t\t\t\t<\/a>\n\t\t\t\t\t\t\t\t\t<\/li>\n\t\t\t\t\t\t<\/ul>\n\t\t\t\t\t\t<\/div>\n\t\t\t\t<\/div>\n\t\t\t\t<\/div>\n\t\t\t\t\t<\/div>\n\t\t\t\t<\/div>\n\t\t<div class=\"elementor-element elementor-element-2af543f e-con-full e-flex e-con e-parent\" data-id=\"2af543f\" data-element_type=\"container\" id=\"get-in-touch\" data-settings=\"{&quot;background_background&quot;:&quot;classic&quot;}\">\n\t\t<div class=\"elementor-element elementor-element-07d810b e-con-full e-flex e-con e-child\" data-id=\"07d810b\" data-element_type=\"container\" data-settings=\"{&quot;background_background&quot;:&quot;classic&quot;}\">\n\t\t\t\t<div class=\"elementor-element elementor-element-4feddcc elementor-widget elementor-widget-heading\" data-id=\"4feddcc\" data-element_type=\"widget\" data-widget_type=\"heading.default\">\n\t\t\t\t<div class=\"elementor-widget-container\">\n\t\t\t\t\t<h2 class=\"elementor-heading-title elementor-size-default\">Ponte en contacto<\/h2>\t\t\t\t<\/div>\n\t\t\t\t<\/div>\n\t\t\t\t<div class=\"elementor-element elementor-element-9e8207a elementor-widget elementor-widget-template\" data-id=\"9e8207a\" data-element_type=\"widget\" data-widget_type=\"template.default\">\n\t\t\t\t<div class=\"elementor-widget-container\">\n\t\t\t\t\t\t\t<div class=\"elementor-template\">\n\t\t\t\t\t<div data-elementor-type=\"section\" data-elementor-id=\"40\" class=\"elementor elementor-40\" data-elementor-post-type=\"elementor_library\">\n\t\t\t<div class=\"elementor-element elementor-element-5180d28 e-flex e-con-boxed e-con e-parent\" data-id=\"5180d28\" data-element_type=\"container\">\n\t\t\t\t\t<div class=\"e-con-inner\">\n\t\t\t\t<div class=\"elementor-element elementor-element-0e7a616 elementor-button-align-start elementor-widget elementor-widget-form\" data-id=\"0e7a616\" data-element_type=\"widget\" data-settings=\"{&quot;step_next_label&quot;:&quot;Next&quot;,&quot;step_previous_label&quot;:&quot;Previous&quot;,&quot;button_width&quot;:&quot;100&quot;,&quot;step_type&quot;:&quot;number_text&quot;,&quot;step_icon_shape&quot;:&quot;circle&quot;}\" data-widget_type=\"form.default\">\n\t\t\t\t<div class=\"elementor-widget-container\">\n\t\t\t\t\t\t\t<form class=\"elementor-form\" method=\"post\" name=\"Contact Form\" aria-label=\"Contact Form\" action=\"\">\n\t\t\t<input type=\"hidden\" name=\"post_id\" value=\"40\"\/>\n\t\t\t<input type=\"hidden\" name=\"form_id\" value=\"0e7a616\"\/>\n\t\t\t<input type=\"hidden\" name=\"referer_title\" value=\"National Truck Parking\" \/>\n\n\t\t\t\n\t\t\t<div class=\"elementor-form-fields-wrapper elementor-labels-\">\n\t\t\t\t\t\t\t\t<div class=\"elementor-field-type-text elementor-field-group elementor-column elementor-field-group-name elementor-col-100 elementor-field-required\">\n\t\t\t\t\t\t\t\t\t\t\t\t<label for=\"form-field-name\" class=\"elementor-field-label elementor-screen-only\">\n\t\t\t\t\t\t\t\tFull Name\t\t\t\t\t\t\t<\/label>\n\t\t\t\t\t\t\t\t\t\t\t\t\t\t<input size=\"1\" type=\"text\" name=\"form_fields[name]\" id=\"form-field-name\" class=\"elementor-field elementor-size-sm  elementor-field-textual\" placeholder=\"nombre de pila\" required=\"required\">\n\t\t\t\t\t\t\t\t\t\t\t<\/div>\n\t\t\t\t\t\t\t\t<div class=\"elementor-field-type-text elementor-field-group elementor-column elementor-field-group-company elementor-col-100 elementor-field-required\">\n\t\t\t\t\t\t\t\t\t\t\t\t<label for=\"form-field-company\" class=\"elementor-field-label elementor-screen-only\">\n\t\t\t\t\t\t\t\tCompany\t\t\t\t\t\t\t<\/label>\n\t\t\t\t\t\t\t\t\t\t\t\t\t\t<input size=\"1\" type=\"text\" name=\"form_fields[company]\" id=\"form-field-company\" class=\"elementor-field elementor-size-sm  elementor-field-textual\" placeholder=\"compa\u00f1\u00eda\" required=\"required\">\n\t\t\t\t\t\t\t\t\t\t\t<\/div>\n\t\t\t\t\t\t\t\t<div class=\"elementor-field-type-email elementor-field-group elementor-column elementor-field-group-email elementor-col-100 elementor-field-required\">\n\t\t\t\t\t\t\t\t\t\t\t\t<label for=\"form-field-email\" class=\"elementor-field-label elementor-screen-only\">\n\t\t\t\t\t\t\t\tEmail\t\t\t\t\t\t\t<\/label>\n\t\t\t\t\t\t\t\t\t\t\t\t\t\t<input size=\"1\" type=\"email\" name=\"form_fields[email]\" id=\"form-field-email\" class=\"elementor-field elementor-size-sm  elementor-field-textual\" placeholder=\"correo electr\u00f3nico\" required=\"required\">\n\t\t\t\t\t\t\t\t\t\t\t<\/div>\n\t\t\t\t\t\t\t\t<div class=\"elementor-field-type-textarea elementor-field-group elementor-column elementor-field-group-message elementor-col-100\">\n\t\t\t\t\t\t\t\t\t\t\t\t<label for=\"form-field-message\" class=\"elementor-field-label elementor-screen-only\">\n\t\t\t\t\t\t\t\tmensaje\t\t\t\t\t\t\t<\/label>\n\t\t\t\t\t\t<textarea class=\"elementor-field-textual elementor-field  elementor-size-sm\" name=\"form_fields[message]\" id=\"form-field-message\" rows=\"4\" placeholder=\"mensaje\"><\/textarea>\t\t\t\t<\/div>\n\t\t\t\t\t\t\t\t<div class=\"elementor-field-type-recaptcha_v3 elementor-field-group elementor-column elementor-field-group-field_bd9da2b elementor-col-100 recaptcha_v3-bottomright\">\n\t\t\t\t\t<div class=\"elementor-field\" id=\"form-field-field_bd9da2b\"><div class=\"elementor-g-recaptcha\" data-sitekey=\"6Ld6_wIqAAAAAB94w77aulnt4l3Fivr8AiS0xJUC\" data-type=\"v3\" data-action=\"Form\" data-badge=\"bottomright\" data-size=\"invisible\"><\/div><\/div>\t\t\t\t<\/div>\n\t\t\t\t\t\t\t\t<div class=\"elementor-field-group elementor-column elementor-field-type-submit elementor-col-100 e-form__buttons\">\n\t\t\t\t\t<button class=\"elementor-button elementor-size-sm\" type=\"submit\">\n\t\t\t\t\t\t<span class=\"elementor-button-content-wrapper\">\n\t\t\t\t\t\t\t\t\t\t\t\t\t\t\t\t\t\t\t\t\t\t<span class=\"elementor-button-text\">enviar mensaje<\/span>\n\t\t\t\t\t\t\t\t\t\t\t\t\t<\/span>\n\t\t\t\t\t<\/button>\n\t\t\t\t<\/div>\n\t\t\t<\/div>\n\t\t<input type=\"hidden\" name=\"trp-form-language\" value=\"es\"\/><\/form>\n\t\t\t\t\t\t<\/div>\n\t\t\t\t<\/div>\n\t\t\t\t\t<\/div>\n\t\t\t\t<\/div>\n\t\t\t\t<\/div>\n\t\t\t\t<\/div>\n\t\t\t\t\t\t<\/div>\n\t\t\t\t<\/div>\n\t\t\t\t<\/div>\n\t\t\t\t<\/div>\n\t\t\t\t<\/div>","protected":false},"excerpt":{"rendered":"<p>CONTACT US National Truck Parking National Truck Parking offers safe and secure storage options for local and national carriers. Located in key logistics markets throughout the United States, NTP provides strategic locations for your individual truck, trailer or fleet. All yards offer secure controlled access, CCTV security, lighting and fencing to protect your assets while [&hellip;]<\/p>","protected":false},"author":2,"featured_media":0,"parent":0,"menu_order":0,"comment_status":"closed","ping_status":"closed","template":"","meta":{"_acf_changed":false,"footnotes":""},"class_list":["post-99","page","type-page","status-publish","hentry"],"acf":[],"yoast_head":"<!-- This site is optimized with the Yoast SEO plugin v26.2 - https:\/\/yoast.com\/wordpress\/plugins\/seo\/ -->\n<title>Contact - National Truck Parking<\/title>\n<meta name=\"description\" content=\"Fill out the form below or give us a call. A member of our team will be in touch with you shortly.\" \/>\n<meta name=\"robots\" content=\"index, follow, max-snippet:-1, max-image-preview:large, max-video-preview:-1\" \/>\n<link rel=\"canonical\" href=\"https:\/\/nationaltruckparking.com\/es\/contact\/\" \/>\n<meta property=\"og:locale\" content=\"es_MX\" \/>\n<meta property=\"og:type\" content=\"article\" \/>\n<meta property=\"og:title\" content=\"Contact - National Truck Parking\" \/>\n<meta property=\"og:description\" content=\"Fill out the form below or give us a call. A member of our team will be in touch with you shortly.\" \/>\n<meta property=\"og:url\" content=\"https:\/\/nationaltruckparking.com\/es\/contact\/\" \/>\n<meta property=\"og:site_name\" content=\"National Truck Parking\" \/>\n<meta property=\"article:modified_time\" content=\"2026-04-21T00:29:29+00:00\" \/>\n<meta name=\"twitter:card\" content=\"summary_large_image\" \/>\n<meta name=\"twitter:label1\" content=\"Est. reading time\" \/>\n\t<meta name=\"twitter:data1\" content=\"1 minuto\" \/>\n<script type=\"application\/ld+json\" class=\"yoast-schema-graph\">{\"@context\":\"https:\/\/schema.org\",\"@graph\":[{\"@type\":\"WebPage\",\"@id\":\"https:\/\/nationaltruckparking.com\/contact\/\",\"url\":\"https:\/\/nationaltruckparking.com\/contact\/\",\"name\":\"Contact - National Truck Parking\",\"isPartOf\":{\"@id\":\"https:\/\/nationaltruckparking.com\/#website\"},\"datePublished\":\"2024-02-20T14:17:13+00:00\",\"dateModified\":\"2026-04-21T00:29:29+00:00\",\"description\":\"Fill out the form below or give us a call. A member of our team will be in touch with you shortly.\",\"breadcrumb\":{\"@id\":\"https:\/\/nationaltruckparking.com\/contact\/#breadcrumb\"},\"inLanguage\":\"es\",\"potentialAction\":[{\"@type\":\"ReadAction\",\"target\":[\"https:\/\/nationaltruckparking.com\/contact\/\"]}]},{\"@type\":\"BreadcrumbList\",\"@id\":\"https:\/\/nationaltruckparking.com\/contact\/#breadcrumb\",\"itemListElement\":[{\"@type\":\"ListItem\",\"position\":1,\"name\":\"Home\",\"item\":\"https:\/\/nationaltruckparking.com\/\"},{\"@type\":\"ListItem\",\"position\":2,\"name\":\"Contact\"}]},{\"@type\":\"WebSite\",\"@id\":\"https:\/\/nationaltruckparking.com\/#website\",\"url\":\"https:\/\/nationaltruckparking.com\/\",\"name\":\"NTP: National Truck Parking\",\"description\":\"Secure semi truck parking for your truck, trailer, and equipment storage needs\",\"publisher\":{\"@id\":\"https:\/\/nationaltruckparking.com\/#organization\"},\"potentialAction\":[{\"@type\":\"SearchAction\",\"target\":{\"@type\":\"EntryPoint\",\"urlTemplate\":\"https:\/\/nationaltruckparking.com\/?s={search_term_string}\"},\"query-input\":{\"@type\":\"PropertyValueSpecification\",\"valueRequired\":true,\"valueName\":\"search_term_string\"}}],\"inLanguage\":\"es\"},{\"@type\":\"Organization\",\"@id\":\"https:\/\/nationaltruckparking.com\/#organization\",\"name\":\"NTP: National Truck Parking\",\"url\":\"https:\/\/nationaltruckparking.com\/\",\"logo\":{\"@type\":\"ImageObject\",\"inLanguage\":\"es\",\"@id\":\"https:\/\/nationaltruckparking.com\/#\/schema\/logo\/image\/\",\"url\":\"https:\/\/ntltrukparking.wpenginepowered.com\/wp-content\/uploads\/2024\/01\/cropped-NTP-logo-300x99-1.png\",\"contentUrl\":\"https:\/\/ntltrukparking.wpenginepowered.com\/wp-content\/uploads\/2024\/01\/cropped-NTP-logo-300x99-1.png\",\"width\":300,\"height\":86,\"caption\":\"NTP: National Truck Parking\"},\"image\":{\"@id\":\"https:\/\/nationaltruckparking.com\/#\/schema\/logo\/image\/\"}}]}<\/script>\n<!-- \/ Yoast SEO plugin. -->","yoast_head_json":{"title":"Contact - National Truck Parking","description":"Fill out the form below or give us a call. A member of our team will be in touch with you shortly.","robots":{"index":"index","follow":"follow","max-snippet":"max-snippet:-1","max-image-preview":"max-image-preview:large","max-video-preview":"max-video-preview:-1"},"canonical":"https:\/\/nationaltruckparking.com\/es\/contact\/","og_locale":"es_MX","og_type":"article","og_title":"Contact - National Truck Parking","og_description":"Fill out the form below or give us a call. A member of our team will be in touch with you shortly.","og_url":"https:\/\/nationaltruckparking.com\/es\/contact\/","og_site_name":"National Truck Parking","article_modified_time":"2026-04-21T00:29:29+00:00","twitter_card":"summary_large_image","twitter_misc":{"Est. reading time":"1 minuto"},"schema":{"@context":"https:\/\/schema.org","@graph":[{"@type":"WebPage","@id":"https:\/\/nationaltruckparking.com\/contact\/","url":"https:\/\/nationaltruckparking.com\/contact\/","name":"Contact - National Truck Parking","isPartOf":{"@id":"https:\/\/nationaltruckparking.com\/#website"},"datePublished":"2024-02-20T14:17:13+00:00","dateModified":"2026-04-21T00:29:29+00:00","description":"Fill out the form below or give us a call. A member of our team will be in touch with you shortly.","breadcrumb":{"@id":"https:\/\/nationaltruckparking.com\/contact\/#breadcrumb"},"inLanguage":"es","potentialAction":[{"@type":"ReadAction","target":["https:\/\/nationaltruckparking.com\/contact\/"]}]},{"@type":"BreadcrumbList","@id":"https:\/\/nationaltruckparking.com\/contact\/#breadcrumb","itemListElement":[{"@type":"ListItem","position":1,"name":"Home","item":"https:\/\/nationaltruckparking.com\/"},{"@type":"ListItem","position":2,"name":"Contact"}]},{"@type":"WebSite","@id":"https:\/\/nationaltruckparking.com\/#website","url":"https:\/\/nationaltruckparking.com\/","name":"NTP: National Truck Parking","description":"Secure semi truck parking for your truck, trailer, and equipment storage needs","publisher":{"@id":"https:\/\/nationaltruckparking.com\/#organization"},"potentialAction":[{"@type":"SearchAction","target":{"@type":"EntryPoint","urlTemplate":"https:\/\/nationaltruckparking.com\/?s={search_term_string}"},"query-input":{"@type":"PropertyValueSpecification","valueRequired":true,"valueName":"search_term_string"}}],"inLanguage":"es"},{"@type":"Organization","@id":"https:\/\/nationaltruckparking.com\/#organization","name":"NTP: National Truck Parking","url":"https:\/\/nationaltruckparking.com\/","logo":{"@type":"ImageObject","inLanguage":"es","@id":"https:\/\/nationaltruckparking.com\/#\/schema\/logo\/image\/","url":"https:\/\/ntltrukparking.wpenginepowered.com\/wp-content\/uploads\/2024\/01\/cropped-NTP-logo-300x99-1.png","contentUrl":"https:\/\/ntltrukparking.wpenginepowered.com\/wp-content\/uploads\/2024\/01\/cropped-NTP-logo-300x99-1.png","width":300,"height":86,"caption":"NTP: National Truck Parking"},"image":{"@id":"https:\/\/nationaltruckparking.com\/#\/schema\/logo\/image\/"}}]}},"_links":{"self":[{"href":"https:\/\/nationaltruckparking.com\/es\/wp-json\/wp\/v2\/pages\/99","targetHints":{"allow":["GET"]}}],"collection":[{"href":"https:\/\/nationaltruckparking.com\/es\/wp-json\/wp\/v2\/pages"}],"about":[{"href":"https:\/\/nationaltruckparking.com\/es\/wp-json\/wp\/v2\/types\/page"}],"author":[{"embeddable":true,"href":"https:\/\/nationaltruckparking.com\/es\/wp-json\/wp\/v2\/users\/2"}],"replies":[{"embeddable":true,"href":"https:\/\/nationaltruckparking.com\/es\/wp-json\/wp\/v2\/comments?post=99"}],"version-history":[{"count":0,"href":"https:\/\/nationaltruckparking.com\/es\/wp-json\/wp\/v2\/pages\/99\/revisions"}],"wp:attachment":[{"href":"https:\/\/nationaltruckparking.com\/es\/wp-json\/wp\/v2\/media?parent=99"}],"curies":[{"name":"wp","href":"https:\/\/api.w.org\/{rel}","templated":true}]}}